{"id":869,"date":"2025-11-03T18:04:39","date_gmt":"2025-11-03T17:04:39","guid":{"rendered":"https:\/\/ventsdugrimont.com\/?page_id=869"},"modified":"2026-01-07T14:48:26","modified_gmt":"2026-01-07T13:48:26","slug":"mentions-legales","status":"publish","type":"page","link":"https:\/\/ventsdugrimont.com\/index.php\/mentions-legales\/","title":{"rendered":"Mentions l\u00e9gales"},"content":{"rendered":"\t\t<div data-elementor-type=\"wp-page\" data-elementor-id=\"869\" class=\"elementor elementor-869\">\n\t\t\t\t<div class=\"elementor-element elementor-element-af5a2a4 e-flex e-con-boxed e-con e-parent\" data-id=\"af5a2a4\" data-element_type=\"container\">\n\t\t\t\t\t<div class=\"e-con-inner\">\n\t\t\t\t\t<\/div>\n\t\t\t\t<\/div>\n\t\t<div class=\"elementor-element elementor-element-fc9b660 e-flex e-con-boxed e-con e-parent\" data-id=\"fc9b660\" data-element_type=\"container\">\n\t\t\t\t\t<div class=\"e-con-inner\">\n\t\t\t\t<div class=\"elementor-element elementor-element-92cbdd5 elementor-widget elementor-widget-text-editor\" data-id=\"92cbdd5\" data-element_type=\"widget\" data-widget_type=\"text-editor.default\">\n\t\t\t\t<div class=\"elementor-widget-container\">\n\t\t\t\t\t\t\t\t\t<div class=\"entry-content\"><p><img fetchpriority=\"high\" decoding=\"async\" class=\"alignnone size-medium wp-image-844\" src=\"https:\/\/ventsdugrimont.com\/wp-content\/uploads\/2025\/02\/cropped-ogo_vents_du_Grimont_long-300x176.png\" alt=\"\" width=\"300\" height=\"176\" srcset=\"https:\/\/ventsdugrimont.com\/wp-content\/uploads\/2025\/02\/cropped-ogo_vents_du_Grimont_long-300x176.png 300w, https:\/\/ventsdugrimont.com\/wp-content\/uploads\/2025\/02\/cropped-ogo_vents_du_Grimont_long-1024x602.png 1024w, https:\/\/ventsdugrimont.com\/wp-content\/uploads\/2025\/02\/cropped-ogo_vents_du_Grimont_long-768x451.png 768w, https:\/\/ventsdugrimont.com\/wp-content\/uploads\/2025\/02\/cropped-ogo_vents_du_Grimont_long-1536x903.png 1536w, https:\/\/ventsdugrimont.com\/wp-content\/uploads\/2025\/02\/cropped-ogo_vents_du_Grimont_long.png 2006w\" sizes=\"(max-width: 300px) 100vw, 300px\" \/><\/p><div id=\"conthome\"><div id=\"unecolpage\"><p>Direction de la publication : Vents du Grimont<\/p><p><strong>H\u00e9bergeur<\/strong><\/p><p>OVH<br \/>SAS au capital de 10 059 500 \u20ac<br \/>RCS Lille M\u00e9tropole 424 761 419 00045<br \/>Code APE 6202A<br \/>N\u00b0 TVA : FR 22 424 761 419<br \/>2 rue Kellermann \u2013 59100 Roubaix \u2013 France.<\/p><p><strong>Le site www.ventsdugrimont.com est \u00e9dit\u00e9 par l&rsquo;association <\/strong>Vents du Grimont Mairie &#8211; Grande rue 398000 CHAMOLE<\/p><p>Structure juridique : <strong>Association loi 1901<\/strong><\/p><p>Date de cr\u00e9ation : 2011<br \/>Pr\u00e9sidence : <strong>Roland CHAILLON &#8211; <\/strong>Pr\u00e9sident<\/p><p><strong>Responsable de publication :\u00a0 Roland CHAILLON<\/strong><\/p><p>La structure g\u00e9n\u00e9rale du site www.ventsdugrimont.com, ainsi que les textes, graphiques, images, sons et vid\u00e9os la composant, sont la propri\u00e9t\u00e9 de Vents du Grimont ou de ses partenaires.<\/p><p>Toute repr\u00e9sentation et\/ou reproduction et\/ou exploitation partielle ou totale de ce site, par quelque proc\u00e9d\u00e9 que ce soit, sans l\u2019autorisation pr\u00e9alable et par \u00e9crit de Vents du Grimont ou de ses partenaires est strictement interdite et serait susceptible de constituer une contrefa\u00e7on au sens des articles L 335-2 et suivants du Code de la propri\u00e9t\u00e9 intellectuelle.<\/p><p><strong>Loi Informatique et libert\u00e9s<\/strong><\/p><p>Conform\u00e9ment \u00e0 la loi Informatique et Libert\u00e9 78-17 du 6 janvier 1978 modifi\u00e9e, vous disposez d\u2019un droit d\u2019opposition (art. 38), d\u2019acc\u00e8s (art. 39), de rectification ou de suppression (art. 40) des donn\u00e9es qui vous concernent.<\/p><p>Vous pouvez exercer ce droit en vous adressant \u00e0 <a href=\"mailto:contact@ventsdugrimont.com\">contact@ventsdugrimont.com<\/a><\/p><p>Toutes les donn\u00e9es personnelles qui sont recueillies sont trait\u00e9es avec la plus stricte confidentialit\u00e9. En particulier, Vents du Grimont s\u2019engage \u00e0 respecter la confidentialit\u00e9 des messages courriels transmis au moyen d\u2019une messagerie \u00e9lectronique.<\/p><p><del datetime=\"2026-01-06T15:17:39+00:00\">Le site www.ventsdugrimont.com utilise l\u2019outil statistique Google Analytics, un service d\u2019analyse de site Internet fourni par Google Inc. (\u00ab Google \u00bb). Google Analytics utilise des cookies, qui sont des fichiers texte plac\u00e9s sur votre ordinateur, pour aider le site internet \u00e0 analyser l\u2019utilisation du site par ses utilisateurs. Les donn\u00e9es g\u00e9n\u00e9r\u00e9es par les cookies concernant votre utilisation du site (y compris votre adresse IP) seront transmises et stock\u00e9es par Google sur des serveurs situ\u00e9s aux Etats-Unis. Google utilisera cette information dans le but d\u2019\u00e9valuer votre utilisation du site, de compiler des rapports sur l\u2019activit\u00e9 du site \u00e0 destination de son \u00e9diteur et de fournir d\u2019autres services relatifs \u00e0 l\u2019activit\u00e9 du site et \u00e0 l\u2019utilisation d\u2019Internet. Google est susceptible de communiquer ces donn\u00e9es \u00e0 des tiers en cas d\u2019obligation l\u00e9gale ou lorsque ces tiers traitent ces donn\u00e9es pour le compte de Google, y compris notamment l\u2019\u00e9diteur de ce site. Google ne recoupera pas votre adresse IP avec toute autre donn\u00e9e d\u00e9tenue par Google. Vous pouvez d\u00e9sactiver l\u2019utilisation de cookies en s\u00e9lectionnant les param\u00e8tres appropri\u00e9s de votre navigateur ou en cliquant sur \u00ab Je d\u00e9sactive les cookies \u00bb dans le bandeau pr\u00e9sent en bas de page.<\/del><del datetime=\"2026-01-06T15:17:39+00:00\"><\/del><\/p><p>Le site www.ventsdugrimont.com recueille des donn\u00e9es personnelles pour :<\/p><p>\u2013 le formulaire de contact<\/p><p>Ces informations sont conserv\u00e9es pour une dur\u00e9e illimit\u00e9e (sauf demande de suppression des donn\u00e9es du formulaire de contact).<\/p><p>Elles ne sont en aucun cas transmises \u00e0 des soci\u00e9t\u00e9s tierces.<\/p><p>Vous pouvez acc\u00e9der \u00e0 vos informations sur demande par courrier \u00e9lectronique \u00e0 contact@venstdugrimont.com<\/p><p>Le site peut contenir des liens hypertextes vers d\u2019autres sites dont Vents du Grimont n\u2019est pas l\u2019\u00e9diteur. Vous \u00eates inform\u00e9 et vous acceptez que Vents du Grimont ne soit pas responsable de l\u2019indisponibilit\u00e9 de tels sites et que Vents du Grimont n\u2019examine, ne contr\u00f4le, n\u2019approuve ni n\u2019est responsable des contenus, publicit\u00e9s, produits ou autres \u00e9l\u00e9ments disponibles sur ou via ces sites. En cons\u00e9quence, l\u2019utilisation d\u2019un lien pointant vers un autre site est faite sous votre seule responsabilit\u00e9.<\/p><\/div><\/div><\/div>\t\t\t\t\t\t\t\t<\/div>\n\t\t\t\t<\/div>\n\t\t\t\t\t<\/div>\n\t\t\t\t<\/div>\n\t\t\t\t<\/div>\n\t\t","protected":false},"excerpt":{"rendered":"<p>Direction de la publication : Vents du Grimont H\u00e9bergeur OVHSAS au capital de 10 059 500 \u20acRCS Lille M\u00e9tropole 424 761 419 00045Code APE 6202AN\u00b0 TVA : FR 22 424 761 4192 rue Kellermann \u2013 59100 Roubaix \u2013 France. Le site www.ventsdugrimont.com est \u00e9dit\u00e9 par l&rsquo;association Vents du Grimont Mairie &#8211; Grande rue 398000 CHAMOLE [&hellip;]<\/p>\n","protected":false},"author":1,"featured_media":0,"parent":0,"menu_order":0,"comment_status":"closed","ping_status":"closed","template":"","meta":{"footnotes":""},"folder":[],"class_list":["post-869","page","type-page","status-publish","hentry"],"yoast_head":"<!-- This site is optimized with the Yoast SEO plugin v24.3 - https:\/\/yoast.com\/wordpress\/plugins\/seo\/ -->\n<title>Mentions l\u00e9gales - VENTS DU GRIMONT<\/title>\n<meta name=\"robots\" content=\"index, follow, max-snippet:-1, max-image-preview:large, max-video-preview:-1\" \/>\n<link rel=\"canonical\" href=\"https:\/\/ventsdugrimont.com\/index.php\/mentions-legales\/\" \/>\n<meta property=\"og:locale\" content=\"fr_FR\" \/>\n<meta property=\"og:type\" content=\"article\" \/>\n<meta property=\"og:title\" content=\"Mentions l\u00e9gales - VENTS DU GRIMONT\" \/>\n<meta property=\"og:description\" content=\"Direction de la publication : Vents du Grimont H\u00e9bergeur OVHSAS au capital de 10 059 500 \u20acRCS Lille M\u00e9tropole 424 761 419 00045Code APE 6202AN\u00b0 TVA : FR 22 424 761 4192 rue Kellermann \u2013 59100 Roubaix \u2013 France. Le site www.ventsdugrimont.com est \u00e9dit\u00e9 par l&rsquo;association Vents du Grimont Mairie &#8211; Grande rue 398000 CHAMOLE [&hellip;]\" \/>\n<meta property=\"og:url\" content=\"https:\/\/ventsdugrimont.com\/index.php\/mentions-legales\/\" \/>\n<meta property=\"og:site_name\" content=\"VENTS DU GRIMONT\" \/>\n<meta property=\"article:modified_time\" content=\"2026-01-07T13:48:26+00:00\" \/>\n<meta property=\"og:image\" content=\"https:\/\/ventsdugrimont.com\/wp-content\/uploads\/2025\/02\/cropped-ogo_vents_du_Grimont_long.png\" \/>\n\t<meta property=\"og:image:width\" content=\"2006\" \/>\n\t<meta property=\"og:image:height\" content=\"1179\" \/>\n\t<meta property=\"og:image:type\" content=\"image\/png\" \/>\n<meta name=\"twitter:card\" content=\"summary_large_image\" \/>\n<meta name=\"twitter:label1\" content=\"Dur\u00e9e de lecture estim\u00e9e\" \/>\n\t<meta name=\"twitter:data1\" content=\"4 minutes\" \/>\n<script type=\"application\/ld+json\" class=\"yoast-schema-graph\">{\"@context\":\"https:\/\/schema.org\",\"@graph\":[{\"@type\":\"WebPage\",\"@id\":\"https:\/\/ventsdugrimont.com\/index.php\/mentions-legales\/\",\"url\":\"https:\/\/ventsdugrimont.com\/index.php\/mentions-legales\/\",\"name\":\"Mentions l\u00e9gales - VENTS DU GRIMONT\",\"isPartOf\":{\"@id\":\"https:\/\/ventsdugrimont.com\/#website\"},\"primaryImageOfPage\":{\"@id\":\"https:\/\/ventsdugrimont.com\/index.php\/mentions-legales\/#primaryimage\"},\"image\":{\"@id\":\"https:\/\/ventsdugrimont.com\/index.php\/mentions-legales\/#primaryimage\"},\"thumbnailUrl\":\"https:\/\/ventsdugrimont.com\/wp-content\/uploads\/2025\/02\/cropped-ogo_vents_du_Grimont_long-300x176.png\",\"datePublished\":\"2025-11-03T17:04:39+00:00\",\"dateModified\":\"2026-01-07T13:48:26+00:00\",\"breadcrumb\":{\"@id\":\"https:\/\/ventsdugrimont.com\/index.php\/mentions-legales\/#breadcrumb\"},\"inLanguage\":\"fr-FR\",\"potentialAction\":[{\"@type\":\"ReadAction\",\"target\":[\"https:\/\/ventsdugrimont.com\/index.php\/mentions-legales\/\"]}]},{\"@type\":\"ImageObject\",\"inLanguage\":\"fr-FR\",\"@id\":\"https:\/\/ventsdugrimont.com\/index.php\/mentions-legales\/#primaryimage\",\"url\":\"https:\/\/ventsdugrimont.com\/wp-content\/uploads\/2025\/02\/cropped-ogo_vents_du_Grimont_long.png\",\"contentUrl\":\"https:\/\/ventsdugrimont.com\/wp-content\/uploads\/2025\/02\/cropped-ogo_vents_du_Grimont_long.png\",\"width\":2006,\"height\":1179},{\"@type\":\"BreadcrumbList\",\"@id\":\"https:\/\/ventsdugrimont.com\/index.php\/mentions-legales\/#breadcrumb\",\"itemListElement\":[{\"@type\":\"ListItem\",\"position\":1,\"name\":\"Accueil\",\"item\":\"https:\/\/ventsdugrimont.com\/\"},{\"@type\":\"ListItem\",\"position\":2,\"name\":\"Mentions l\u00e9gales\"}]},{\"@type\":\"WebSite\",\"@id\":\"https:\/\/ventsdugrimont.com\/#website\",\"url\":\"https:\/\/ventsdugrimont.com\/\",\"name\":\"VENTS DU GRIMONT\",\"description\":\"Energies Renouvelables Citoyennes\",\"publisher\":{\"@id\":\"https:\/\/ventsdugrimont.com\/#organization\"},\"potentialAction\":[{\"@type\":\"SearchAction\",\"target\":{\"@type\":\"EntryPoint\",\"urlTemplate\":\"https:\/\/ventsdugrimont.com\/?s={search_term_string}\"},\"query-input\":{\"@type\":\"PropertyValueSpecification\",\"valueRequired\":true,\"valueName\":\"search_term_string\"}}],\"inLanguage\":\"fr-FR\"},{\"@type\":\"Organization\",\"@id\":\"https:\/\/ventsdugrimont.com\/#organization\",\"name\":\"Vents du Grimont\",\"url\":\"https:\/\/ventsdugrimont.com\/\",\"logo\":{\"@type\":\"ImageObject\",\"inLanguage\":\"fr-FR\",\"@id\":\"https:\/\/ventsdugrimont.com\/#\/schema\/logo\/image\/\",\"url\":\"http:\/\/ventsdugrimont.com\/wp-content\/uploads\/2022\/06\/vents-grimont.png\",\"contentUrl\":\"http:\/\/ventsdugrimont.com\/wp-content\/uploads\/2022\/06\/vents-grimont.png\",\"width\":143,\"height\":140,\"caption\":\"Vents du Grimont\"},\"image\":{\"@id\":\"https:\/\/ventsdugrimont.com\/#\/schema\/logo\/image\/\"}}]}<\/script>\n<!-- \/ Yoast SEO plugin. -->","yoast_head_json":{"title":"Mentions l\u00e9gales - VENTS DU GRIMONT","robots":{"index":"index","follow":"follow","max-snippet":"max-snippet:-1","max-image-preview":"max-image-preview:large","max-video-preview":"max-video-preview:-1"},"canonical":"https:\/\/ventsdugrimont.com\/index.php\/mentions-legales\/","og_locale":"fr_FR","og_type":"article","og_title":"Mentions l\u00e9gales - VENTS DU GRIMONT","og_description":"Direction de la publication : Vents du Grimont H\u00e9bergeur OVHSAS au capital de 10 059 500 \u20acRCS Lille M\u00e9tropole 424 761 419 00045Code APE 6202AN\u00b0 TVA : FR 22 424 761 4192 rue Kellermann \u2013 59100 Roubaix \u2013 France. Le site www.ventsdugrimont.com est \u00e9dit\u00e9 par l&rsquo;association Vents du Grimont Mairie &#8211; Grande rue 398000 CHAMOLE [&hellip;]","og_url":"https:\/\/ventsdugrimont.com\/index.php\/mentions-legales\/","og_site_name":"VENTS DU GRIMONT","article_modified_time":"2026-01-07T13:48:26+00:00","og_image":[{"width":2006,"height":1179,"url":"https:\/\/ventsdugrimont.com\/wp-content\/uploads\/2025\/02\/cropped-ogo_vents_du_Grimont_long.png","type":"image\/png"}],"twitter_card":"summary_large_image","twitter_misc":{"Dur\u00e9e de lecture estim\u00e9e":"4 minutes"},"schema":{"@context":"https:\/\/schema.org","@graph":[{"@type":"WebPage","@id":"https:\/\/ventsdugrimont.com\/index.php\/mentions-legales\/","url":"https:\/\/ventsdugrimont.com\/index.php\/mentions-legales\/","name":"Mentions l\u00e9gales - VENTS DU GRIMONT","isPartOf":{"@id":"https:\/\/ventsdugrimont.com\/#website"},"primaryImageOfPage":{"@id":"https:\/\/ventsdugrimont.com\/index.php\/mentions-legales\/#primaryimage"},"image":{"@id":"https:\/\/ventsdugrimont.com\/index.php\/mentions-legales\/#primaryimage"},"thumbnailUrl":"https:\/\/ventsdugrimont.com\/wp-content\/uploads\/2025\/02\/cropped-ogo_vents_du_Grimont_long-300x176.png","datePublished":"2025-11-03T17:04:39+00:00","dateModified":"2026-01-07T13:48:26+00:00","breadcrumb":{"@id":"https:\/\/ventsdugrimont.com\/index.php\/mentions-legales\/#breadcrumb"},"inLanguage":"fr-FR","potentialAction":[{"@type":"ReadAction","target":["https:\/\/ventsdugrimont.com\/index.php\/mentions-legales\/"]}]},{"@type":"ImageObject","inLanguage":"fr-FR","@id":"https:\/\/ventsdugrimont.com\/index.php\/mentions-legales\/#primaryimage","url":"https:\/\/ventsdugrimont.com\/wp-content\/uploads\/2025\/02\/cropped-ogo_vents_du_Grimont_long.png","contentUrl":"https:\/\/ventsdugrimont.com\/wp-content\/uploads\/2025\/02\/cropped-ogo_vents_du_Grimont_long.png","width":2006,"height":1179},{"@type":"BreadcrumbList","@id":"https:\/\/ventsdugrimont.com\/index.php\/mentions-legales\/#breadcrumb","itemListElement":[{"@type":"ListItem","position":1,"name":"Accueil","item":"https:\/\/ventsdugrimont.com\/"},{"@type":"ListItem","position":2,"name":"Mentions l\u00e9gales"}]},{"@type":"WebSite","@id":"https:\/\/ventsdugrimont.com\/#website","url":"https:\/\/ventsdugrimont.com\/","name":"VENTS DU GRIMONT","description":"Energies Renouvelables Citoyennes","publisher":{"@id":"https:\/\/ventsdugrimont.com\/#organization"},"potentialAction":[{"@type":"SearchAction","target":{"@type":"EntryPoint","urlTemplate":"https:\/\/ventsdugrimont.com\/?s={search_term_string}"},"query-input":{"@type":"PropertyValueSpecification","valueRequired":true,"valueName":"search_term_string"}}],"inLanguage":"fr-FR"},{"@type":"Organization","@id":"https:\/\/ventsdugrimont.com\/#organization","name":"Vents du Grimont","url":"https:\/\/ventsdugrimont.com\/","logo":{"@type":"ImageObject","inLanguage":"fr-FR","@id":"https:\/\/ventsdugrimont.com\/#\/schema\/logo\/image\/","url":"http:\/\/ventsdugrimont.com\/wp-content\/uploads\/2022\/06\/vents-grimont.png","contentUrl":"http:\/\/ventsdugrimont.com\/wp-content\/uploads\/2022\/06\/vents-grimont.png","width":143,"height":140,"caption":"Vents du Grimont"},"image":{"@id":"https:\/\/ventsdugrimont.com\/#\/schema\/logo\/image\/"}}]}},"_links":{"self":[{"href":"https:\/\/ventsdugrimont.com\/index.php\/wp-json\/wp\/v2\/pages\/869","targetHints":{"allow":["GET"]}}],"collection":[{"href":"https:\/\/ventsdugrimont.com\/index.php\/wp-json\/wp\/v2\/pages"}],"about":[{"href":"https:\/\/ventsdugrimont.com\/index.php\/wp-json\/wp\/v2\/types\/page"}],"author":[{"embeddable":true,"href":"https:\/\/ventsdugrimont.com\/index.php\/wp-json\/wp\/v2\/users\/1"}],"replies":[{"embeddable":true,"href":"https:\/\/ventsdugrimont.com\/index.php\/wp-json\/wp\/v2\/comments?post=869"}],"version-history":[{"count":16,"href":"https:\/\/ventsdugrimont.com\/index.php\/wp-json\/wp\/v2\/pages\/869\/revisions"}],"predecessor-version":[{"id":1456,"href":"https:\/\/ventsdugrimont.com\/index.php\/wp-json\/wp\/v2\/pages\/869\/revisions\/1456"}],"wp:attachment":[{"href":"https:\/\/ventsdugrimont.com\/index.php\/wp-json\/wp\/v2\/media?parent=869"}],"wp:term":[{"taxonomy":"folder","embeddable":true,"href":"https:\/\/ventsdugrimont.com\/index.php\/wp-json\/wp\/v2\/folder?post=869"}],"curies":[{"name":"wp","href":"https:\/\/api.w.org\/{rel}","templated":true}]}}